{"id":4184,"date":"2019-12-12T18:43:08","date_gmt":"2019-12-12T16:43:08","guid":{"rendered":"https:\/\/epsu-cj.lu\/politique-de-confidentialite\/"},"modified":"2019-12-12T18:59:05","modified_gmt":"2019-12-12T16:59:05","slug":"politique-de-confidentialite","status":"publish","type":"page","link":"https:\/\/epsu-cj.lu\/en\/politique-de-confidentialite\/","title":{"rendered":"Politique de confidentialit\u00e9"},"content":{"rendered":"\r\n<h2 class=\"wp-block-heading\">Donn\u00e9es personnelles<\/h2>\r\n<p><strong>Comment prot\u00e9geons-nous vos donn\u00e9es personnelles ?<\/strong><\/p>\r\n<p>Nous avons mis en place des mesures de s\u00e9curit\u00e9 techniques et organisationnelles en vue de garantir la s\u00e9curit\u00e9, l\u2019int\u00e9grit\u00e9 et la confidentialit\u00e9 de toutes vos donn\u00e9es \u00e0 caract\u00e8re personnel.<\/p>\r\n<p>Le site est h\u00e9berg\u00e9 par :<\/p>\r\n<ul>\r\n<li><strong>OVH SAS<\/strong>, filiale de la soci\u00e9t\u00e9 OVH Groupe SAS, soci\u00e9t\u00e9 immatricul\u00e9e au RCS de Lille sous le num\u00e9ro 537 407 926 sise 2, rue Kellermann, 59100 Roubaix.<\/li>\r\n<\/ul>\r\n<p>Pour conna\u00eetre la politique de confidentialit\u00e9 de\u00a0<strong>OVH<\/strong>, nous vous invitons \u00e0 consulter la page suivante :\u00a0<a href=\"https:\/\/www.ovh.com\/fr\/protection-donnees-personnelles\/\">Politique de confidentialit\u00e9 de OVH<\/a>.<\/p>\r\n<p>&nbsp;<\/p>\r\n<p><strong>Comment utilisons-nous les donn\u00e9es personnelles que nous collectons ?<\/strong><\/p>\r\n<p>Le site<strong>\u00a0<\/strong>est susceptible de recueillir et de conserver vos donn\u00e9es \u00e0 caract\u00e8re personnel, notamment lorsque vous naviguez sur notre site. Une donn\u00e9e \u00e0 caract\u00e8re personnel d\u00e9signe toute information se rapportant \u00e0 une personne physique identifi\u00e9e ou identifiable.<\/p>\r\n<p>Le site\u00a0ne c\u00e8de aucune information personnelle \u00e0 des tiers. Elle ne loue pas non plus sa base de donn\u00e9es.<\/p>\r\n<p>&nbsp;<\/p>\r\n<p><strong>Outil de mesure d\u2019audience \u2013 Google Analytics<\/strong><\/p>\r\n<p>En vue d\u2019adapter notre site aux demandes de nos visiteurs et de l\u2019am\u00e9liorer afin de vous proposer du contenu pertinent, nous mesurons les sources d\u2019acc\u00e8s \u00e0 notre site, le nombre de visites, le nombre de pages vues ainsi que l\u2019activit\u00e9 des visiteurs sur le site et leur fr\u00e9quence de retour au moyen d\u2019un outil de mesure d\u2019audience. L\u2019outil de statistiques utilis\u00e9<strong>\u00a0<\/strong>est Google Analytics. Il est configur\u00e9 d\u2019une telle fa\u00e7on qu\u2019il ne nous permet pas de vous identifier. Nous n\u2019utilisons, en effet, aucune fonctionnalit\u00e9 avanc\u00e9e qui le permettrait et avons ins\u00e9r\u00e9 un script garantissant votre anonymat (il masque votre adresse IP).<\/p>\r\n<p>Pour conna\u00eetre la politique de confidentialit\u00e9 de Google Analytics, nous vous invitons \u00e0 consulter la page suivante :\u00a0<a href=\"https:\/\/policies.google.com\/privacy\/update?hl=fr-CA\">Politique de confidentialit\u00e9 Google<\/a>.<\/p>\r\n<p>Les donn\u00e9es globales r\u00e9colt\u00e9es par nos soins sont conserv\u00e9es pour une dur\u00e9e ind\u00e9termin\u00e9e. Elles ne sont pas c\u00e9d\u00e9es \u00e0 des tiers ni utilis\u00e9es \u00e0 d\u2019autres fins.<\/p>\r\n<p>&nbsp;<\/p>\r\n<p><strong>Outil de s\u00e9curisation \u2013 iThemes Security<\/strong><\/p>\r\n<p>Les adresses IP des visiteurs de\u00a0sont utilis\u00e9es pour v\u00e9rifier qu\u2019elles n\u2019ont pas pour objectif de lui nuire. Le but est de prot\u00e9ger le site de toute sorte d\u2019attaque : force brute, vol de cookie, intrusions, maliciels (virus, vers, chevaux de Troie et programmes malveillants), d\u00e9nis de service, etc. Il s\u2019agit \u00e9galement de se pr\u00e9munir contre les attaques de robots. Si votre adresse IP est consid\u00e9r\u00e9e comme malveillante, elle est partag\u00e9e dans une base de donn\u00e9es afin de prot\u00e9ger d\u2019autres sites Internet.<\/p>\r\n<p>IThemes Security est compatible avec RGPD. Cette extension n\u2019envoie pas de donn\u00e9es personnelles depuis ce site. L\u2019extension peut stocker des adresses IP de visiteurs si elle pense qu\u2019il s\u2019agit d\u2019attaques, seulement pour des raisons de s\u00e9curit\u00e9 et de fonctionnalit\u00e9. Il est impossible de relier ces adresses IP \u00e0 des personnes, des sites, impossible d\u2019identifier pr\u00e9cis\u00e9ment \u00e0 qui elles appartiennent \u00e0 un instant T. Ces donn\u00e9es ne sont stock\u00e9es que pour des comparaisons de v\u00e9rification, et aucun autre but.<\/p>\r\n<p>Pour conna\u00eetre la politique de confidentialit\u00e9 de IThemes Security, nous vous invitons \u00e0 consulter la page suivante :\u00a0<a href=\"https:\/\/ithemes.com\/privacy-policy\/\">Politique de confidentialit\u00e9 IThemes Security<\/a>.<\/p>\r\n<p>&nbsp;<\/p>\r\n<h2><a href=\"https:\/\/www.ikl.lu\/politique-de-confidentialite%e2%80%8b\/\">Cookies<\/a><\/h2>\r\n<p>Le site\u00a0<strong>epsu-cj.lu<\/strong>\u00a0met en place des cookies. Il s\u2019agit de fichiers texte au format alphanum\u00e9rique d\u00e9pos\u00e9s sur votre terminal (ordinateur, tablette, smartphone,\u2026), par le serveur du site visit\u00e9 ou par un ou plusieurs serveurs tiers lors de la consultation d\u2019un contenu ou d\u2019une publicit\u00e9 en ligne.<\/p>\r\n<p>Ces fichiers ne peuvent \u00eatre lus que par leur \u00e9metteur. Ils lui permettent, tout au long de sa dur\u00e9e de validit\u00e9, de reconna\u00eetre le terminal concern\u00e9 \u00e0 chaque fois qu\u2019il acc\u00e8de \u00e0 un contenu num\u00e9rique comportant des cookies du m\u00eame \u00e9metteur.<\/p>\r\n<p>Le Cookie ne vous identifie pas personnellement, mais uniquement le navigateur de votre terminal.<\/p>\r\n<p>Comment g\u00e9rons-nous les cookies ?<\/p>\r\n<p>Ces cookies ont diff\u00e9rentes fonctions et\u00a0<strong>epsu-cj.lu<\/strong> utilise:<\/p>\r\n<ul>\r\n<li>Des cookies techniques internes n\u00e9cessaires au fonctionnement du site,<\/li>\r\n<li>Des cookies de mesure d\u2019audience et de statistiques,<\/li>\r\n<li>Des cookies tiers destin\u00e9s \u00e0 am\u00e9liorer l\u2019interactivit\u00e9 du site.<\/li>\r\n<\/ul>\r\n<p>La r\u00e9glementation oblige\u00a0<strong>Epsu-cj.lu <\/strong>\u00a0\u00e0 informer ses visiteurs et \u00e0 leur permettre d\u2019accepter ou de refuser le d\u00e9p\u00f4t de ces cookies. Pour cela, un bandeau appara\u00eet sur la page du site consult\u00e9e lors d\u2019une premi\u00e8re visite. Deux possibilit\u00e9s s\u2019offrent alors au lecteur : accepter les cookies (dans ce cas, le bandeau n\u2019appara\u00eet plus pendant une dur\u00e9e d\u2019un mois) ou les refuser (l\u2019utilisateur est alors redirig\u00e9 vers une page lui pr\u00e9sentant la d\u00e9marche \u00e0 suivre pour refuser les cookies). S\u2019il les accepte et qu\u2019il souhaite les refuser par la suite, il aura la facult\u00e9 de revenir sur son choix en suivant la m\u00e9thodologie pr\u00e9sent\u00e9e ci-dessous. Dans le cas contraire, il devra choisir de r\u00e9activer les cookies dans son navigateur puis se reconnecter au site\u00a0<strong>Epsu-cj.lu <\/strong>.<\/p>\r\n<ol>\r\n<li><strong> Cookies techniques internes n\u00e9cessaires au fonctionnement du site<\/strong><\/li>\r\n<\/ol>\r\n<p>Ces cookies fonctionnels sont n\u00e9cessaires \u00e0 la navigation dans notre site. Ils permettent d\u2019am\u00e9liorer votre confort : adapter la pr\u00e9sentation du site aux pr\u00e9f\u00e9rences d\u2019affichage de votre terminal (langue utilis\u00e9e, r\u00e9solution d\u2019affichage), m\u00e9moriser les mots de passe et autres informations relatives \u00e0 un formulaire que vous avez rempli sur le site.<\/p>\r\n<p>Ils permettent \u00e9galement de contribuer \u00e0 la s\u00e9curisation du site\u00a0<strong>Epsu-cj.lu <\/strong>\u00a0et sont, \u00e0 ce titre, essentiels \u00e0 son bon fonctionnement. Tel est le cas des cookies d\u00e9pos\u00e9es par l\u2019application Askimet ou encore par l\u2019extension IThemes Security.<\/p>\r\n<p>Ces cookies ne peuvent pas \u00eatre d\u00e9sactiv\u00e9s ou param\u00e9tr\u00e9s sous peine de ne plus pouvoir acc\u00e9der au site et\/ou \u00e0 certains services du site.<\/p>\r\n<p>Les cookies de confort expirent au bout de douze mois et les cookies IThemes Security entre 30 minutes et 1 an.<\/p>\r\n<ol start=\"2\">\r\n<li><strong> Cookies de mesure d\u2019audience et de statistiques<\/strong><\/li>\r\n<\/ol>\r\n<p>Les cookies de mesure d\u2019audience sont \u00e9mis par\u00a0<strong>Epsu-cj.lu \u00a0<\/strong>ou par ses prestataires techniques aux fins de mesurer l\u2019audience des diff\u00e9rents contenus et rubriques (nombre de visites, le nombre de pages vues, le nombre de page par visite, l\u2019activit\u00e9 des visiteurs sur le site et leur taux de rebond), de les \u00e9valuer et de mieux les organiser. Ils permettent \u00e9galement de d\u00e9tecter des probl\u00e8mes de navigation et donc d\u2019am\u00e9liorer l\u2019ergonomie de nos services.<\/p>\r\n<p>Nous utilisons l\u2019outil de mesure d\u2019audience \u00ab Google Analytics \u00bb, qui met en place des cookies. La liste des cookies utilis\u00e9s par Google Analytics est pr\u00e9sent\u00e9e ici :\u00a0<a href=\"https:\/\/developers.google.com\/analytics\/devguides\/collection\/analyticsjs\/cookie-usage?hl=fr\">https:\/\/developers.google.com\/analytics\/devguides\/collection\/analyticsjs\/cookie-usage?hl=fr<\/a><\/p>\r\n<p>Les cookies de Google Analytics n\u2019enregistrent aucune information permettant de vous identifier ; les fonctionnalit\u00e9s avanc\u00e9es de Google Analytics sont d\u00e9sactiv\u00e9es par nos soins. De plus, nous avons personnalis\u00e9 notre code de suivi pour activer le masquage des adresses IP. Ainsi, toutes les adresses IP des utilisateurs de notre site web sont anonymis\u00e9es dans Google Analytics.<\/p>\r\n<p>Les cookies de mesure d\u2019audience ont une dur\u00e9e variable selon leur nature, allant de 30 secondes \u00e0 2 ans.<\/p>\r\n<p><strong>Comment refuser les cookies sur Epsu-cj.lu \u00a0?<\/strong><\/p>\r\n<p><strong>Refuser les cookies de mani\u00e8re g\u00e9n\u00e9rale depuis votre navigateur Internet<\/strong><\/p>\r\n<p>Vous pouvez \u00e0 tout moment choisir de d\u00e9sactiver tout ou partie des Cookies. Votre navigateur peut \u00e9galement \u00eatre param\u00e9tr\u00e9 pour vous signaler les Cookies d\u00e9pos\u00e9s dans votre terminal et demander de les accepter ou non (au cas par cas ou en globalit\u00e9).<\/p>\r\n<p>Voici la d\u00e9marche \u00e0 suivre en fonction des diff\u00e9rents navigateurs (pour une pr\u00e9sentation compl\u00e8te \u2192\u00a0<a href=\"https:\/\/fr.wikihow.com\/d%C3%A9sactiver-les-cookies\">https:\/\/fr.wikihow.com\/d\u00e9sactiver-les-cookies<\/a>) :<\/p>\r\n<table width=\"1350\">\r\n<tbody>\r\n<tr>\r\n<td>\r\n<p><strong>Navigateur<\/strong><\/p>\r\n<\/td>\r\n<td>\r\n<p><strong>Proc\u00e9dure<\/strong><\/p>\r\n<\/td>\r\n<\/tr>\r\n<tr>\r\n<td>\r\n<p><strong>Chrome<\/strong><\/p>\r\n<\/td>\r\n<td>\r\n<p>1. cliquez sur l\u2019ic\u00f4ne en haut \u00e0 droite \u00ab Personnaliser et contr\u00f4ler Google Chrome \u00bb,<br \/>2. cliquez sur \u00ab Param\u00e8tres \u00bb.<br \/>3. dans le menu param\u00e8tres, cliquez sur \u00ab Param\u00e8tres avanc\u00e9s \u00bb.<br \/>4. cliquez sur \u00ab Confidentialit\u00e9 et s\u00e9curit\u00e9 \u00bb,<br \/>5. dans l\u2019onglet \u00ab Confidentialit\u00e9 et s\u00e9curit\u00e9 \u00bb, cliquez sur \u00ab Param\u00e8tre de contenus \u00bb,<br \/>6. cliquez sur \u00ab Cookies \u00bb et g\u00e9rez vos choix.<br \/>Nous vous conseillons de vous r\u00e9f\u00e9rer au guide d\u2019utilisation du navigateur utilis\u00e9.<\/p>\r\n<\/td>\r\n<\/tr>\r\n<tr>\r\n<td>\r\n<p><strong>Internet Explorer<\/strong><\/p>\r\n<\/td>\r\n<td>\r\n<p>1. cliquez sur le bouton en haut \u00e0 droite \u00ab Param\u00e8tres et plus \u00bb,<br \/>2. cliquez sur \u00ab Param\u00e8tres \u00bb,<br \/>3. cliquez sur \u00ab Afficher les param\u00e8tres avanc\u00e9s \u00bb,<br \/>4. g\u00e9rez vos choix dans l\u2019onglet \u00ab Cookies \u00bb.<br \/>Nous vous conseillons de vous r\u00e9f\u00e9rer au guide d\u2019utilisation du navigateur utilis\u00e9.<\/p>\r\n<\/td>\r\n<\/tr>\r\n<tr>\r\n<td>\r\n<p><strong>Firefox<\/strong><\/p>\r\n<\/td>\r\n<td>\r\n<p>1. cliquez sur l\u2019ic\u00f4ne du Menu Firefox en haut \u00e0 droite \u00ab Ouvrir le menu \u00bb,<br \/>2. cliquez sur le bouton \u00ab Options \u00bb,<br \/>3. choisissez \u00ab Vie Priv\u00e9e et s\u00e9curit\u00e9 \u00bb,<br \/>4. g\u00e9rez vos choix dans l\u2019onglet \u00ab Cookies et donn\u00e9es de site \u00bb.<br \/>Nous vous conseillons de vous r\u00e9f\u00e9rer au guide d\u2019utilisation du navigateur utilis\u00e9.<\/p>\r\n<\/td>\r\n<\/tr>\r\n<tr>\r\n<td>\r\n<p><strong>Safari<\/strong><\/p>\r\n<\/td>\r\n<td>\r\n<p>1. cliquez sur \u00ab Param\u00e8tres \u00bb,<br \/>2. cliquez sur \u00ab Pr\u00e9f\u00e9rences \u00bb,<br \/>3. cliquez sur \u00ab Confidentialit\u00e9\/S\u00e9curit\u00e9 \u00bb,<br \/>4. cliquez sur \u00ab Afficher les Cookies \u00bb et g\u00e9rez vos choix dans cet onglet.<br \/>Nous vous conseillons de vous r\u00e9f\u00e9rer au guide d\u2019utilisation du navigateur utilis\u00e9.<\/p>\r\n<\/td>\r\n<\/tr>\r\n<tr>\r\n<td>\r\n<p><strong>Autres navigateurs<\/strong><\/p>\r\n<\/td>\r\n<td>\r\n<p>Si vous utilisez un autre navigateur, nous vous invitons \u00e0 consulter le guide d\u2019utilisation du navigateur afin de personnaliser le fonctionnement des cookies dans ledit navigateur comme vous le souhaitez.<\/p>\r\n<\/td>\r\n<\/tr>\r\n<\/tbody>\r\n<\/table>\r\n<p><strong>Refuser les cookies g\u00e9n\u00e9r\u00e9s par Google Analytics<\/strong><\/p>\r\n<p>Au-del\u00e0 des modalit\u00e9s d\u2019acceptation ou de refus organis\u00e9es par le bandeau d\u2019information sus-envisag\u00e9, vous pouvez installer un module compl\u00e9mentaire sur votre navigateur permettant de d\u00e9sactiver Google Analytics toutes les fois o\u00f9 vous consultez un site web l\u2019utilisant. Ce module est t\u00e9l\u00e9chargeable \u00e0 partir du lien suivant :\u00a0<a href=\"https:\/\/tools.google.com\/dlpage\/gaoptout?hl=fr\">https:\/\/tools.google.com\/dlpage\/gaoptout?hl=fr<\/a>.<\/p>\r\n<p><strong>Refuser les cookies g\u00e9n\u00e9r\u00e9s par un r\u00e9seau social<\/strong><\/p>\r\n<p>Les Cookies R\u00e9seaux Sociaux permettent de partager des contenus de notre Site avec d\u2019autres personnes ou de faire conna\u00eetre \u00e0 ces autres personnes votre consultation ou votre opinion concernant un contenu du site web.<\/p>\r\n<p>Si vous ne souhaitez pas qu\u2019un r\u00e9seau social relie les informations collect\u00e9es par l\u2019interm\u00e9diaire de notre site web \u00e0 votre compte utilisateur, vous devez auparavant vous d\u00e9connecter du r\u00e9seau social.<\/p>\r\n<ol start=\"4\">\r\n<li>Conditions de modification de la politique de confidentialit\u00e9<\/li>\r\n<\/ol>\r\n<p>La pr\u00e9sente politique de confidentialit\u00e9 peut \u00eatre consult\u00e9e \u00e0 tout moment \u00e0 cette adresse.<\/p>\r\n<p>L\u2019\u00e9diteur du site se r\u00e9serve le droit de la modifier afin de garantir sa conformit\u00e9 avec le droit en vigueur.<\/p>\r\n<p>Par cons\u00e9quent, l\u2019utilisateur est invit\u00e9 \u00e0 venir consulter r\u00e9guli\u00e8rement cette politique de confidentialit\u00e9 afin de se tenir inform\u00e9 des derniers changements qui lui seront apport\u00e9s.<\/p>\r\n<p>Il est port\u00e9 \u00e0 la connaissance de l\u2019utilisateur que la derni\u00e8re mise \u00e0 jour de la pr\u00e9sente politique de confidentialit\u00e9 est intervenue le : 12\/12\/2019.<\/p>\r\n<p>&nbsp;<\/p>\r\n","protected":false},"excerpt":{"rendered":"<p>Donn\u00e9es personnelles Comment prot\u00e9geons-nous vos donn\u00e9es personnelles ? Nous avons mis en place des mesures de s\u00e9curit\u00e9 techniques et organisationnelles en vue de garantir la s\u00e9curit\u00e9, l\u2019int\u00e9grit\u00e9 et la confidentialit\u00e9 de toutes vos donn\u00e9es \u00e0 caract\u00e8re personnel. Le site est h\u00e9berg\u00e9 par : OVH SAS, filiale de la soci\u00e9t\u00e9 OVH Groupe SAS, soci\u00e9t\u00e9 immatricul\u00e9e au [&hellip;]<\/p>\n","protected":false},"author":5,"featured_media":0,"parent":0,"menu_order":0,"comment_status":"closed","ping_status":"closed","template":"","meta":{"_exactmetrics_skip_tracking":false,"_exactmetrics_sitenote_active":false,"_exactmetrics_sitenote_note":"","_exactmetrics_sitenote_category":0,"footnotes":""},"class_list":["post-4184","page","type-page","status-publish","hentry"],"_links":{"self":[{"href":"https:\/\/epsu-cj.lu\/en\/wp-json\/wp\/v2\/pages\/4184","targetHints":{"allow":["GET"]}}],"collection":[{"href":"https:\/\/epsu-cj.lu\/en\/wp-json\/wp\/v2\/pages"}],"about":[{"href":"https:\/\/epsu-cj.lu\/en\/wp-json\/wp\/v2\/types\/page"}],"author":[{"embeddable":true,"href":"https:\/\/epsu-cj.lu\/en\/wp-json\/wp\/v2\/users\/5"}],"replies":[{"embeddable":true,"href":"https:\/\/epsu-cj.lu\/en\/wp-json\/wp\/v2\/comments?post=4184"}],"version-history":[{"count":1,"href":"https:\/\/epsu-cj.lu\/en\/wp-json\/wp\/v2\/pages\/4184\/revisions"}],"predecessor-version":[{"id":4185,"href":"https:\/\/epsu-cj.lu\/en\/wp-json\/wp\/v2\/pages\/4184\/revisions\/4185"}],"wp:attachment":[{"href":"https:\/\/epsu-cj.lu\/en\/wp-json\/wp\/v2\/media?parent=4184"}],"curies":[{"name":"wp","href":"https:\/\/api.w.org\/{rel}","templated":true}]}}